{"id":7239,"date":"2025-04-30T15:43:51","date_gmt":"2025-04-30T13:43:51","guid":{"rendered":"https:\/\/www.martin.at\/mq-swpl-avec-servomoteur-a-fraction-de-tour-servomoteur-rotatif\/"},"modified":"2026-04-15T11:45:53","modified_gmt":"2026-04-15T09:45:53","slug":"mq-swpl-avec-servomoteur-a-fraction-de-tour-servomoteur-rotatif","status":"publish","type":"product","link":"https:\/\/www.martin.at\/fr\/martin-produkte\/mq-swpl-avec-servomoteur-a-fraction-de-tour-servomoteur-rotatif\/","title":{"rendered":"TiltRotator sans v\u00e9rins M-Quick"},"content":{"rendered":"","protected":false},"excerpt":{"rendered":"<p>Pour tirer le maximum de l&#8217;engin, on utilisera de pr\u00e9f\u00e9rence le tiltrotateur enti\u00e8rement hydraulique. Il est possible de travailler avec tout accessoire sans devoir quitter une seule fois la cabine de l&#8217;engin.<\/p>\n","protected":false},"featured_media":50386,"template":"","meta":{"_acf_changed":false},"product_brand":[],"product_cat":[663,669],"product_tag":[],"class_list":{"0":"post-7239","1":"product","2":"type-product","3":"status-publish","4":"has-post-thumbnail","6":"product_cat-tiltrotator-tilt-rotation-fr","7":"product_cat-tiltrotator-fr","9":"first","10":"instock","11":"sold-individually","12":"taxable","13":"shipping-taxable","14":"purchasable","15":"product-type-variable","16":"has-default-attributes"},"acf":[],"_links":{"self":[{"href":"https:\/\/www.martin.at\/fr\/wp-json\/wp\/v2\/product\/7239","targetHints":{"allow":["GET"]}}],"collection":[{"href":"https:\/\/www.martin.at\/fr\/wp-json\/wp\/v2\/product"}],"about":[{"href":"https:\/\/www.martin.at\/fr\/wp-json\/wp\/v2\/types\/product"}],"wp:featuredmedia":[{"embeddable":true,"href":"https:\/\/www.martin.at\/fr\/wp-json\/wp\/v2\/media\/50386"}],"wp:attachment":[{"href":"https:\/\/www.martin.at\/fr\/wp-json\/wp\/v2\/media?parent=7239"}],"wp:term":[{"taxonomy":"product_brand","embeddable":true,"href":"https:\/\/www.martin.at\/fr\/wp-json\/wp\/v2\/product_brand?post=7239"},{"taxonomy":"product_cat","embeddable":true,"href":"https:\/\/www.martin.at\/fr\/wp-json\/wp\/v2\/product_cat?post=7239"},{"taxonomy":"product_tag","embeddable":true,"href":"https:\/\/www.martin.at\/fr\/wp-json\/wp\/v2\/product_tag?post=7239"}],"curies":[{"name":"wp","href":"https:\/\/api.w.org\/{rel}","templated":true}]}}