{"id":7213,"date":"2025-04-30T15:43:06","date_gmt":"2025-04-30T13:43:06","guid":{"rendered":"https:\/\/www.martin.at\/mq-swpl-2\/"},"modified":"2026-04-01T08:43:36","modified_gmt":"2026-04-01T06:43:36","slug":"mq-swpl-2","status":"publish","type":"product","link":"https:\/\/www.martin.at\/fr\/martin-produkte\/mq-swpl-2\/","title":{"rendered":"Attache rapide hydraulique M-Quick"},"content":{"rendered":"","protected":false},"excerpt":{"rendered":"<p>Entre 1,8 et 26 t, le mod\u00e8le MQ est la solution la plus rentable pour la manipulation d&#8217;accessoires hydrauliques tels que les bennes preneuses ou les marteaux. Les avantages de la r\u00e9ception sym\u00e9trique sont aussi assur\u00e9s pour les accessoires sans syst\u00e8me hydraulique.<\/p>\n","protected":false},"featured_media":8930,"template":"","meta":{"_acf_changed":false},"product_brand":[],"product_cat":[670],"product_tag":[],"class_list":{"0":"post-7213","1":"product","2":"type-product","3":"status-publish","4":"has-post-thumbnail","6":"product_cat-attache-rapide-entierement-hydraulique","8":"first","9":"instock","10":"sold-individually","11":"taxable","12":"shipping-taxable","13":"purchasable","14":"product-type-variable","15":"has-default-attributes"},"acf":[],"_links":{"self":[{"href":"https:\/\/www.martin.at\/fr\/wp-json\/wp\/v2\/product\/7213","targetHints":{"allow":["GET"]}}],"collection":[{"href":"https:\/\/www.martin.at\/fr\/wp-json\/wp\/v2\/product"}],"about":[{"href":"https:\/\/www.martin.at\/fr\/wp-json\/wp\/v2\/types\/product"}],"wp:featuredmedia":[{"embeddable":true,"href":"https:\/\/www.martin.at\/fr\/wp-json\/wp\/v2\/media\/8930"}],"wp:attachment":[{"href":"https:\/\/www.martin.at\/fr\/wp-json\/wp\/v2\/media?parent=7213"}],"wp:term":[{"taxonomy":"product_brand","embeddable":true,"href":"https:\/\/www.martin.at\/fr\/wp-json\/wp\/v2\/product_brand?post=7213"},{"taxonomy":"product_cat","embeddable":true,"href":"https:\/\/www.martin.at\/fr\/wp-json\/wp\/v2\/product_cat?post=7213"},{"taxonomy":"product_tag","embeddable":true,"href":"https:\/\/www.martin.at\/fr\/wp-json\/wp\/v2\/product_tag?post=7213"}],"curies":[{"name":"wp","href":"https:\/\/api.w.org\/{rel}","templated":true}]}}