{"id":7204,"date":"2025-04-30T15:42:31","date_gmt":"2025-04-30T13:42:31","guid":{"rendered":"https:\/\/www.martin.at\/mh-swpl-avec-servomoteur-a-fraction-de-tour-servomoteur-rotatif\/"},"modified":"2026-04-15T11:45:20","modified_gmt":"2026-04-15T09:45:20","slug":"mh-swpl-avec-servomoteur-a-fraction-de-tour-servomoteur-rotatif","status":"publish","type":"product","link":"https:\/\/www.martin.at\/fr\/martin-produkte\/mh-swpl-avec-servomoteur-a-fraction-de-tour-servomoteur-rotatif\/","title":{"rendered":"TiltRotator sans v\u00e9rins"},"content":{"rendered":"","protected":false},"excerpt":{"rendered":"<p>Les tiltrotateurs MARTIN permettent un travail flexible et pr\u00e9cis, en particulier sur des terrains exigus ou accident\u00e9s. Notre gamme renferme des accessoires robustes et efficaces pour l&#8217;am\u00e9nagement paysager, les travaux publics et le terrassement.<\/p>\n","protected":false},"featured_media":50324,"template":"","meta":{"_acf_changed":false},"product_brand":[],"product_cat":[663,669],"product_tag":[],"class_list":{"0":"post-7204","1":"product","2":"type-product","3":"status-publish","4":"has-post-thumbnail","6":"product_cat-tiltrotator-tilt-rotation-fr","7":"product_cat-tiltrotator-fr","9":"first","10":"instock","11":"sold-individually","12":"taxable","13":"shipping-taxable","14":"purchasable","15":"product-type-variable","16":"has-default-attributes"},"acf":[],"_links":{"self":[{"href":"https:\/\/www.martin.at\/fr\/wp-json\/wp\/v2\/product\/7204","targetHints":{"allow":["GET"]}}],"collection":[{"href":"https:\/\/www.martin.at\/fr\/wp-json\/wp\/v2\/product"}],"about":[{"href":"https:\/\/www.martin.at\/fr\/wp-json\/wp\/v2\/types\/product"}],"wp:featuredmedia":[{"embeddable":true,"href":"https:\/\/www.martin.at\/fr\/wp-json\/wp\/v2\/media\/50324"}],"wp:attachment":[{"href":"https:\/\/www.martin.at\/fr\/wp-json\/wp\/v2\/media?parent=7204"}],"wp:term":[{"taxonomy":"product_brand","embeddable":true,"href":"https:\/\/www.martin.at\/fr\/wp-json\/wp\/v2\/product_brand?post=7204"},{"taxonomy":"product_cat","embeddable":true,"href":"https:\/\/www.martin.at\/fr\/wp-json\/wp\/v2\/product_cat?post=7204"},{"taxonomy":"product_tag","embeddable":true,"href":"https:\/\/www.martin.at\/fr\/wp-json\/wp\/v2\/product_tag?post=7204"}],"curies":[{"name":"wp","href":"https:\/\/api.w.org\/{rel}","templated":true}]}}