{"id":7191,"date":"2025-04-30T15:41:30","date_gmt":"2025-04-30T13:41:30","guid":{"rendered":"https:\/\/www.martin.at\/mh-swpl-avec-entrainement-pivotant\/"},"modified":"2026-04-01T08:42:34","modified_gmt":"2026-04-01T06:42:34","slug":"mh-swpl-avec-entrainement-pivotant","status":"publish","type":"product","link":"https:\/\/www.martin.at\/fr\/martin-produkte\/mh-swpl-avec-entrainement-pivotant\/","title":{"rendered":"Attache rapide hydraulique inclinable \u201cPowerTilt&#8221;"},"content":{"rendered":"","protected":false},"excerpt":{"rendered":"<p>L&#8217;attache rapide hydraulique avec Tilt (entra\u00eenement de pivotement) est la base parfaite pour toutes les pelles \u00e0 usage polyvalent. La conception fine permet en outre les plus petites largeurs de godet (par ex. godets \u00e0 c\u00e2bles).<\/p>\n","protected":false},"featured_media":8892,"template":"","meta":{"_acf_changed":false},"product_brand":[],"product_cat":[672],"product_tag":[],"class_list":{"0":"post-7191","1":"product","2":"type-product","3":"status-publish","4":"has-post-thumbnail","6":"product_cat-attache-rapide-hydraulique","8":"first","9":"instock","10":"sold-individually","11":"taxable","12":"shipping-taxable","13":"purchasable","14":"product-type-variable","15":"has-default-attributes"},"acf":[],"_links":{"self":[{"href":"https:\/\/www.martin.at\/fr\/wp-json\/wp\/v2\/product\/7191","targetHints":{"allow":["GET"]}}],"collection":[{"href":"https:\/\/www.martin.at\/fr\/wp-json\/wp\/v2\/product"}],"about":[{"href":"https:\/\/www.martin.at\/fr\/wp-json\/wp\/v2\/types\/product"}],"wp:featuredmedia":[{"embeddable":true,"href":"https:\/\/www.martin.at\/fr\/wp-json\/wp\/v2\/media\/8892"}],"wp:attachment":[{"href":"https:\/\/www.martin.at\/fr\/wp-json\/wp\/v2\/media?parent=7191"}],"wp:term":[{"taxonomy":"product_brand","embeddable":true,"href":"https:\/\/www.martin.at\/fr\/wp-json\/wp\/v2\/product_brand?post=7191"},{"taxonomy":"product_cat","embeddable":true,"href":"https:\/\/www.martin.at\/fr\/wp-json\/wp\/v2\/product_cat?post=7191"},{"taxonomy":"product_tag","embeddable":true,"href":"https:\/\/www.martin.at\/fr\/wp-json\/wp\/v2\/product_tag?post=7191"}],"curies":[{"name":"wp","href":"https:\/\/api.w.org\/{rel}","templated":true}]}}