{"id":7178,"date":"2025-04-30T15:41:14","date_gmt":"2025-04-30T13:41:14","guid":{"rendered":"https:\/\/www.martin.at\/mh-swpl-2\/"},"modified":"2026-04-01T08:42:18","modified_gmt":"2026-04-01T06:42:18","slug":"mh-swpl-2","status":"publish","type":"product","link":"https:\/\/www.martin.at\/fr\/martin-produkte\/mh-swpl-2\/","title":{"rendered":"Attache rapide hydraulique"},"content":{"rendered":"","protected":false},"excerpt":{"rendered":"<p>La force d&#8217;excavation maximale est obtenue avec l&#8217;attache 100 % hydraulique MH. Celle-ci se caract\u00e9rise par la plus faible perte de force dans la mesure o\u00f9 aucun entra\u00eenement de pivotement n&#8217;est mont\u00e9. Disponible dans tous les tonnages \u00e0 partir de 2 t.<\/p>\n","protected":false},"featured_media":8869,"template":"","meta":{"_acf_changed":false},"product_brand":[],"product_cat":[672],"product_tag":[],"class_list":{"0":"post-7178","1":"product","2":"type-product","3":"status-publish","4":"has-post-thumbnail","6":"product_cat-attache-rapide-hydraulique","8":"first","9":"instock","10":"sold-individually","11":"taxable","12":"shipping-taxable","13":"purchasable","14":"product-type-variable","15":"has-default-attributes"},"acf":[],"_links":{"self":[{"href":"https:\/\/www.martin.at\/fr\/wp-json\/wp\/v2\/product\/7178","targetHints":{"allow":["GET"]}}],"collection":[{"href":"https:\/\/www.martin.at\/fr\/wp-json\/wp\/v2\/product"}],"about":[{"href":"https:\/\/www.martin.at\/fr\/wp-json\/wp\/v2\/types\/product"}],"wp:featuredmedia":[{"embeddable":true,"href":"https:\/\/www.martin.at\/fr\/wp-json\/wp\/v2\/media\/8869"}],"wp:attachment":[{"href":"https:\/\/www.martin.at\/fr\/wp-json\/wp\/v2\/media?parent=7178"}],"wp:term":[{"taxonomy":"product_brand","embeddable":true,"href":"https:\/\/www.martin.at\/fr\/wp-json\/wp\/v2\/product_brand?post=7178"},{"taxonomy":"product_cat","embeddable":true,"href":"https:\/\/www.martin.at\/fr\/wp-json\/wp\/v2\/product_cat?post=7178"},{"taxonomy":"product_tag","embeddable":true,"href":"https:\/\/www.martin.at\/fr\/wp-json\/wp\/v2\/product_tag?post=7178"}],"curies":[{"name":"wp","href":"https:\/\/api.w.org\/{rel}","templated":true}]}}