{"id":7170,"date":"2025-04-30T15:40:54","date_gmt":"2025-04-30T13:40:54","guid":{"rendered":"https:\/\/www.martin.at\/ma-swpl-avec-entrainement-pivotant\/"},"modified":"2026-04-01T08:41:55","modified_gmt":"2026-04-01T06:41:55","slug":"ma-swpl-avec-entrainement-pivotant","status":"publish","type":"product","link":"https:\/\/www.martin.at\/fr\/martin-produkte\/ma-swpl-avec-entrainement-pivotant\/","title":{"rendered":"Attache rapide semi-automatique inclinale \u201cPowerTilt&#8221;"},"content":{"rendered":"","protected":false},"excerpt":{"rendered":"<p>Lorsqu&#8217;il n&#8217;est pas n\u00e9cessaire de changer fr\u00e9quemment d&#8217;accessoire ou qu&#8217;il n&#8217;y a pas assez de circuits hydrauliques, l&#8217;attache MA avec entra\u00eenement de pivotement est la bonne solution pour profiter malgr\u00e9 tout de la flexibilit\u00e9 de l&#8217;entra\u00eenement de pivotement.<\/p>\n","protected":false},"featured_media":8856,"template":"","meta":{"_acf_changed":false},"product_brand":[],"product_cat":[671],"product_tag":[],"class_list":{"0":"post-7170","1":"product","2":"type-product","3":"status-publish","4":"has-post-thumbnail","6":"product_cat-attache-rapide-mecanique","8":"first","9":"instock","10":"sold-individually","11":"taxable","12":"shipping-taxable","13":"purchasable","14":"product-type-variable","15":"has-default-attributes"},"acf":[],"_links":{"self":[{"href":"https:\/\/www.martin.at\/fr\/wp-json\/wp\/v2\/product\/7170","targetHints":{"allow":["GET"]}}],"collection":[{"href":"https:\/\/www.martin.at\/fr\/wp-json\/wp\/v2\/product"}],"about":[{"href":"https:\/\/www.martin.at\/fr\/wp-json\/wp\/v2\/types\/product"}],"wp:featuredmedia":[{"embeddable":true,"href":"https:\/\/www.martin.at\/fr\/wp-json\/wp\/v2\/media\/8856"}],"wp:attachment":[{"href":"https:\/\/www.martin.at\/fr\/wp-json\/wp\/v2\/media?parent=7170"}],"wp:term":[{"taxonomy":"product_brand","embeddable":true,"href":"https:\/\/www.martin.at\/fr\/wp-json\/wp\/v2\/product_brand?post=7170"},{"taxonomy":"product_cat","embeddable":true,"href":"https:\/\/www.martin.at\/fr\/wp-json\/wp\/v2\/product_cat?post=7170"},{"taxonomy":"product_tag","embeddable":true,"href":"https:\/\/www.martin.at\/fr\/wp-json\/wp\/v2\/product_tag?post=7170"}],"curies":[{"name":"wp","href":"https:\/\/api.w.org\/{rel}","templated":true}]}}