{"id":7162,"date":"2025-04-30T15:40:39","date_gmt":"2025-04-30T13:40:39","guid":{"rendered":"https:\/\/www.martin.at\/ma-swpl-2\/"},"modified":"2026-04-01T08:41:18","modified_gmt":"2026-04-01T06:41:18","slug":"ma-swpl-2","status":"publish","type":"product","link":"https:\/\/www.martin.at\/fr\/martin-produkte\/ma-swpl-2\/","title":{"rendered":"Attache rapide semi-automatique"},"content":{"rendered":"","protected":false},"excerpt":{"rendered":"<p>C&#8217;est en particulier en combinaison avec de petits engins jusqu&#8217;\u00e0 7,5 t que l&#8217;attache m\u00e9canique MA constitue une solution int\u00e9ressante pour tous ceux qui ne changent pas souvent les accessoires ou ne disposent pas d&#8217;un nombre suffisant de circuits hydrauliques.<\/p>\n","protected":false},"featured_media":8843,"template":"","meta":{"_acf_changed":false},"product_brand":[],"product_cat":[671],"product_tag":[],"class_list":{"0":"post-7162","1":"product","2":"type-product","3":"status-publish","4":"has-post-thumbnail","6":"product_cat-attache-rapide-mecanique","8":"first","9":"instock","10":"sold-individually","11":"taxable","12":"shipping-taxable","13":"purchasable","14":"product-type-variable","15":"has-default-attributes"},"acf":[],"_links":{"self":[{"href":"https:\/\/www.martin.at\/fr\/wp-json\/wp\/v2\/product\/7162","targetHints":{"allow":["GET"]}}],"collection":[{"href":"https:\/\/www.martin.at\/fr\/wp-json\/wp\/v2\/product"}],"about":[{"href":"https:\/\/www.martin.at\/fr\/wp-json\/wp\/v2\/types\/product"}],"wp:featuredmedia":[{"embeddable":true,"href":"https:\/\/www.martin.at\/fr\/wp-json\/wp\/v2\/media\/8843"}],"wp:attachment":[{"href":"https:\/\/www.martin.at\/fr\/wp-json\/wp\/v2\/media?parent=7162"}],"wp:term":[{"taxonomy":"product_brand","embeddable":true,"href":"https:\/\/www.martin.at\/fr\/wp-json\/wp\/v2\/product_brand?post=7162"},{"taxonomy":"product_cat","embeddable":true,"href":"https:\/\/www.martin.at\/fr\/wp-json\/wp\/v2\/product_cat?post=7162"},{"taxonomy":"product_tag","embeddable":true,"href":"https:\/\/www.martin.at\/fr\/wp-json\/wp\/v2\/product_tag?post=7162"}],"curies":[{"name":"wp","href":"https:\/\/api.w.org\/{rel}","templated":true}]}}