{"id":7129,"date":"2025-04-30T15:39:59","date_gmt":"2025-04-30T13:39:59","guid":{"rendered":"https:\/\/www.martin.at\/ag-2\/"},"modified":"2026-04-01T08:40:19","modified_gmt":"2026-04-01T06:40:19","slug":"ag-2","status":"publish","type":"product","link":"https:\/\/www.martin.at\/fr\/martin-produkte\/ag-2\/","title":{"rendered":"Pince de tri \/ d\u00e9molition"},"content":{"rendered":"","protected":false},"excerpt":{"rendered":"<p>L&#8217;AG II est le bon choix pour les d\u00e9molitions et les tris cibl\u00e9s. La g\u00e9om\u00e9trie de coquille diff\u00e8re de celle de la benne preneuse universelle pour mieux correspondre aux applications, mais la technique reste \u00e9prouv\u00e9e.<\/p>\n","protected":false},"featured_media":9376,"template":"","meta":{"_acf_changed":false},"product_brand":[],"product_cat":[676],"product_tag":[],"class_list":{"0":"post-7129","1":"product","2":"type-product","3":"status-publish","4":"has-post-thumbnail","6":"product_cat-bennes-preneuses-a-coquilles","8":"first","9":"instock","10":"sold-individually","11":"taxable","12":"shipping-taxable","13":"purchasable","14":"product-type-variable","15":"has-default-attributes"},"acf":[],"_links":{"self":[{"href":"https:\/\/www.martin.at\/fr\/wp-json\/wp\/v2\/product\/7129","targetHints":{"allow":["GET"]}}],"collection":[{"href":"https:\/\/www.martin.at\/fr\/wp-json\/wp\/v2\/product"}],"about":[{"href":"https:\/\/www.martin.at\/fr\/wp-json\/wp\/v2\/types\/product"}],"wp:featuredmedia":[{"embeddable":true,"href":"https:\/\/www.martin.at\/fr\/wp-json\/wp\/v2\/media\/9376"}],"wp:attachment":[{"href":"https:\/\/www.martin.at\/fr\/wp-json\/wp\/v2\/media?parent=7129"}],"wp:term":[{"taxonomy":"product_brand","embeddable":true,"href":"https:\/\/www.martin.at\/fr\/wp-json\/wp\/v2\/product_brand?post=7129"},{"taxonomy":"product_cat","embeddable":true,"href":"https:\/\/www.martin.at\/fr\/wp-json\/wp\/v2\/product_cat?post=7129"},{"taxonomy":"product_tag","embeddable":true,"href":"https:\/\/www.martin.at\/fr\/wp-json\/wp\/v2\/product_tag?post=7129"}],"curies":[{"name":"wp","href":"https:\/\/api.w.org\/{rel}","templated":true}]}}