{"id":7125,"date":"2025-04-30T15:39:46","date_gmt":"2025-04-30T13:39:46","guid":{"rendered":"https:\/\/www.martin.at\/trbd-2\/"},"modified":"2026-04-03T10:13:23","modified_gmt":"2026-04-03T08:13:23","slug":"trbd-2","status":"publish","type":"product","link":"https:\/\/www.martin.at\/fr\/martin-produkte\/trbd-2\/","title":{"rendered":"Godet trap\u00e8ze &#8211; rotation 360\u00b0"},"content":{"rendered":"","protected":false},"excerpt":{"rendered":"<p>Assainir un foss\u00e9 avec un engin plac\u00e9 parall\u00e8lement ? Le TRBD est l&#8217;outil parfait pour cette t\u00e2che qu&#8217;il ex\u00e9cute avec brio.<\/p>\n","protected":false},"featured_media":9397,"template":"","meta":{"_acf_changed":false},"product_brand":[],"product_cat":[664,665],"product_tag":[],"class_list":{"0":"post-7125","1":"product","2":"type-product","3":"status-publish","4":"has-post-thumbnail","6":"product_cat-godets-speciaux-tilt-rotation","7":"product_cat-godet-speciaux-pelleteuse","9":"first","10":"instock","11":"sold-individually","12":"taxable","13":"shipping-taxable","14":"purchasable","15":"product-type-variable","16":"has-default-attributes"},"acf":[],"_links":{"self":[{"href":"https:\/\/www.martin.at\/fr\/wp-json\/wp\/v2\/product\/7125","targetHints":{"allow":["GET"]}}],"collection":[{"href":"https:\/\/www.martin.at\/fr\/wp-json\/wp\/v2\/product"}],"about":[{"href":"https:\/\/www.martin.at\/fr\/wp-json\/wp\/v2\/types\/product"}],"wp:featuredmedia":[{"embeddable":true,"href":"https:\/\/www.martin.at\/fr\/wp-json\/wp\/v2\/media\/9397"}],"wp:attachment":[{"href":"https:\/\/www.martin.at\/fr\/wp-json\/wp\/v2\/media?parent=7125"}],"wp:term":[{"taxonomy":"product_brand","embeddable":true,"href":"https:\/\/www.martin.at\/fr\/wp-json\/wp\/v2\/product_brand?post=7125"},{"taxonomy":"product_cat","embeddable":true,"href":"https:\/\/www.martin.at\/fr\/wp-json\/wp\/v2\/product_cat?post=7125"},{"taxonomy":"product_tag","embeddable":true,"href":"https:\/\/www.martin.at\/fr\/wp-json\/wp\/v2\/product_tag?post=7125"}],"curies":[{"name":"wp","href":"https:\/\/api.w.org\/{rel}","templated":true}]}}