{"id":7110,"date":"2025-04-30T15:39:29","date_gmt":"2025-04-30T13:39:29","guid":{"rendered":"https:\/\/www.martin.at\/trb-2\/"},"modified":"2026-04-01T08:39:37","modified_gmt":"2026-04-01T06:39:37","slug":"trb-2","status":"publish","type":"product","link":"https:\/\/www.martin.at\/fr\/martin-produkte\/trb-2\/","title":{"rendered":"Godet trap\u00e8ze"},"content":{"rendered":"","protected":false},"excerpt":{"rendered":"<p>M\u00eame sans tiltrotateur, le godet trap\u00e8ze permet de r\u00e9aliser de belles tranch\u00e9es. La g\u00e9om\u00e9trie du godet facilite le travail avec des tranchants allong\u00e9s qui permettent de r\u00e9aliser des foss\u00e9s sans efforts.<\/p>\n","protected":false},"featured_media":8753,"template":"","meta":{"_acf_changed":false},"product_brand":[],"product_cat":[665],"product_tag":[],"class_list":{"0":"post-7110","1":"product","2":"type-product","3":"status-publish","4":"has-post-thumbnail","6":"product_cat-godet-speciaux-pelleteuse","8":"first","9":"instock","10":"sold-individually","11":"taxable","12":"shipping-taxable","13":"purchasable","14":"product-type-variable","15":"has-default-attributes"},"acf":[],"_links":{"self":[{"href":"https:\/\/www.martin.at\/fr\/wp-json\/wp\/v2\/product\/7110","targetHints":{"allow":["GET"]}}],"collection":[{"href":"https:\/\/www.martin.at\/fr\/wp-json\/wp\/v2\/product"}],"about":[{"href":"https:\/\/www.martin.at\/fr\/wp-json\/wp\/v2\/types\/product"}],"wp:featuredmedia":[{"embeddable":true,"href":"https:\/\/www.martin.at\/fr\/wp-json\/wp\/v2\/media\/8753"}],"wp:attachment":[{"href":"https:\/\/www.martin.at\/fr\/wp-json\/wp\/v2\/media?parent=7110"}],"wp:term":[{"taxonomy":"product_brand","embeddable":true,"href":"https:\/\/www.martin.at\/fr\/wp-json\/wp\/v2\/product_brand?post=7110"},{"taxonomy":"product_cat","embeddable":true,"href":"https:\/\/www.martin.at\/fr\/wp-json\/wp\/v2\/product_cat?post=7110"},{"taxonomy":"product_tag","embeddable":true,"href":"https:\/\/www.martin.at\/fr\/wp-json\/wp\/v2\/product_tag?post=7110"}],"curies":[{"name":"wp","href":"https:\/\/api.w.org\/{rel}","templated":true}]}}