{"id":6948,"date":"2025-04-30T15:38:32","date_gmt":"2025-04-30T13:38:32","guid":{"rendered":"https:\/\/www.martin.at\/tlv-2\/"},"modified":"2025-10-15T08:48:18","modified_gmt":"2025-10-15T06:48:18","slug":"tlv-2","status":"publish","type":"product","link":"https:\/\/www.martin.at\/fr\/martin-produkte\/tlv-2\/","title":{"rendered":"Godet sans dents"},"content":{"rendered":"","protected":false},"excerpt":{"rendered":"<p>Gr\u00e2ce \u00e0 sa g\u00e9om\u00e9trie \u00e9prouv\u00e9e, c&#8217;est un godet sans dents optimal pour les pelles \u00e0 partir de 4 t, car il remplit toutes les exigences sur les chantiers. Tr\u00e8s petites largeurs disponibles !<\/p>\n","protected":false},"featured_media":8429,"template":"","meta":{"_acf_changed":false},"product_brand":[],"product_cat":[667],"product_tag":[],"class_list":{"0":"post-6948","1":"product","2":"type-product","3":"status-publish","4":"has-post-thumbnail","6":"product_cat-godets-de-pelle","8":"first","9":"instock","10":"sold-individually","11":"taxable","12":"shipping-taxable","13":"purchasable","14":"product-type-variable","15":"has-default-attributes"},"acf":[],"_links":{"self":[{"href":"https:\/\/www.martin.at\/fr\/wp-json\/wp\/v2\/product\/6948","targetHints":{"allow":["GET"]}}],"collection":[{"href":"https:\/\/www.martin.at\/fr\/wp-json\/wp\/v2\/product"}],"about":[{"href":"https:\/\/www.martin.at\/fr\/wp-json\/wp\/v2\/types\/product"}],"wp:featuredmedia":[{"embeddable":true,"href":"https:\/\/www.martin.at\/fr\/wp-json\/wp\/v2\/media\/8429"}],"wp:attachment":[{"href":"https:\/\/www.martin.at\/fr\/wp-json\/wp\/v2\/media?parent=6948"}],"wp:term":[{"taxonomy":"product_brand","embeddable":true,"href":"https:\/\/www.martin.at\/fr\/wp-json\/wp\/v2\/product_brand?post=6948"},{"taxonomy":"product_cat","embeddable":true,"href":"https:\/\/www.martin.at\/fr\/wp-json\/wp\/v2\/product_cat?post=6948"},{"taxonomy":"product_tag","embeddable":true,"href":"https:\/\/www.martin.at\/fr\/wp-json\/wp\/v2\/product_tag?post=6948"}],"curies":[{"name":"wp","href":"https:\/\/api.w.org\/{rel}","templated":true}]}}