{"id":6939,"date":"2025-04-30T15:38:09","date_gmt":"2025-04-30T13:38:09","guid":{"rendered":"https:\/\/www.martin.at\/tlvd-2\/"},"modified":"2026-04-14T07:36:55","modified_gmt":"2026-04-14T05:36:55","slug":"tlvd-2","status":"publish","type":"product","link":"https:\/\/www.martin.at\/fr\/martin-produkte\/tlvd-2\/","title":{"rendered":"Godet sans dents &#8211; rotation 360\u00b0"},"content":{"rendered":"","protected":false},"excerpt":{"rendered":"<p>Le TLVD est utilis\u00e9 sur des pelles de 5 \u00e0 16 t, surtout dans un environnement urbain, en relation avec des regards \u00e9troits et des chantiers exigus, o\u00f9 il r\u00e9alise un travail efficace et pr\u00e9cis.<\/p>\n","protected":false},"featured_media":8414,"template":"","meta":{"_acf_changed":false},"product_brand":[],"product_cat":[666,667],"product_tag":[],"class_list":{"0":"post-6939","1":"product","2":"type-product","3":"status-publish","4":"has-post-thumbnail","6":"product_cat-dodets-de-pelle-tilt-rotation","7":"product_cat-godets-de-pelle","9":"first","10":"instock","11":"sold-individually","12":"taxable","13":"shipping-taxable","14":"purchasable","15":"product-type-variable","16":"has-default-attributes"},"acf":[],"_links":{"self":[{"href":"https:\/\/www.martin.at\/fr\/wp-json\/wp\/v2\/product\/6939","targetHints":{"allow":["GET"]}}],"collection":[{"href":"https:\/\/www.martin.at\/fr\/wp-json\/wp\/v2\/product"}],"about":[{"href":"https:\/\/www.martin.at\/fr\/wp-json\/wp\/v2\/types\/product"}],"wp:featuredmedia":[{"embeddable":true,"href":"https:\/\/www.martin.at\/fr\/wp-json\/wp\/v2\/media\/8414"}],"wp:attachment":[{"href":"https:\/\/www.martin.at\/fr\/wp-json\/wp\/v2\/media?parent=6939"}],"wp:term":[{"taxonomy":"product_brand","embeddable":true,"href":"https:\/\/www.martin.at\/fr\/wp-json\/wp\/v2\/product_brand?post=6939"},{"taxonomy":"product_cat","embeddable":true,"href":"https:\/\/www.martin.at\/fr\/wp-json\/wp\/v2\/product_cat?post=6939"},{"taxonomy":"product_tag","embeddable":true,"href":"https:\/\/www.martin.at\/fr\/wp-json\/wp\/v2\/product_tag?post=6939"}],"curies":[{"name":"wp","href":"https:\/\/api.w.org\/{rel}","templated":true}]}}