{"id":6738,"date":"2025-04-30T15:36:40","date_gmt":"2025-04-30T13:36:40","guid":{"rendered":"https:\/\/www.martin.at\/tls-2\/"},"modified":"2025-10-15T08:49:24","modified_gmt":"2025-10-15T06:49:24","slug":"tls-2","status":"publish","type":"product","link":"https:\/\/www.martin.at\/fr\/martin-produkte\/tls-2\/","title":{"rendered":"Godet r\u00e9tro &#8211; usage pierres"},"content":{"rendered":"","protected":false},"excerpt":{"rendered":"<p>\u00c0 partir de 2,5 t, le TLS convient aussi \u00e0 d&#8217;autres travaux, comme la pose de pierres, avec une g\u00e9om\u00e9trie adapt\u00e9e et des ergots optionnels sur la face arri\u00e8re qui facilitent une telle pose.<\/p>\n","protected":false},"featured_media":8012,"template":"","meta":{"_acf_changed":false},"product_brand":[],"product_cat":[667],"product_tag":[],"class_list":{"0":"post-6738","1":"product","2":"type-product","3":"status-publish","4":"has-post-thumbnail","6":"product_cat-godets-de-pelle","8":"first","9":"instock","10":"sold-individually","11":"taxable","12":"shipping-taxable","13":"purchasable","14":"product-type-variable","15":"has-default-attributes"},"acf":[],"_links":{"self":[{"href":"https:\/\/www.martin.at\/fr\/wp-json\/wp\/v2\/product\/6738","targetHints":{"allow":["GET"]}}],"collection":[{"href":"https:\/\/www.martin.at\/fr\/wp-json\/wp\/v2\/product"}],"about":[{"href":"https:\/\/www.martin.at\/fr\/wp-json\/wp\/v2\/types\/product"}],"wp:featuredmedia":[{"embeddable":true,"href":"https:\/\/www.martin.at\/fr\/wp-json\/wp\/v2\/media\/8012"}],"wp:attachment":[{"href":"https:\/\/www.martin.at\/fr\/wp-json\/wp\/v2\/media?parent=6738"}],"wp:term":[{"taxonomy":"product_brand","embeddable":true,"href":"https:\/\/www.martin.at\/fr\/wp-json\/wp\/v2\/product_brand?post=6738"},{"taxonomy":"product_cat","embeddable":true,"href":"https:\/\/www.martin.at\/fr\/wp-json\/wp\/v2\/product_cat?post=6738"},{"taxonomy":"product_tag","embeddable":true,"href":"https:\/\/www.martin.at\/fr\/wp-json\/wp\/v2\/product_tag?post=6738"}],"curies":[{"name":"wp","href":"https:\/\/api.w.org\/{rel}","templated":true}]}}