{"id":6612,"date":"2025-04-30T15:35:26","date_gmt":"2025-04-30T13:35:26","guid":{"rendered":"https:\/\/www.martin.at\/tlfd-2\/"},"modified":"2026-04-01T08:27:13","modified_gmt":"2026-04-01T06:27:13","slug":"tlfd-2","status":"publish","type":"product","link":"https:\/\/www.martin.at\/fr\/martin-produkte\/tlfd-2\/","title":{"rendered":"Godet r\u00e9tro &#8211; usage roches &#8211; rotation 360\u00b0"},"content":{"rendered":"","protected":false},"excerpt":{"rendered":"<p>Le TLFD est utilis\u00e9 sur des pelles de 5 \u00e0 16 t, surtout dans un environnement urbain, en relation avec des regards \u00e9troits et des chantiers exigus, o\u00f9 il r\u00e9alise un travail efficace et pr\u00e9cis.<\/p>\n","protected":false},"featured_media":7763,"template":"","meta":{"_acf_changed":false},"product_brand":[],"product_cat":[666,667],"product_tag":[],"class_list":{"0":"post-6612","1":"product","2":"type-product","3":"status-publish","4":"has-post-thumbnail","6":"product_cat-dodets-de-pelle-tilt-rotation","7":"product_cat-godets-de-pelle","9":"first","10":"instock","11":"sold-individually","12":"taxable","13":"shipping-taxable","14":"purchasable","15":"product-type-variable","16":"has-default-attributes"},"acf":[],"_links":{"self":[{"href":"https:\/\/www.martin.at\/fr\/wp-json\/wp\/v2\/product\/6612","targetHints":{"allow":["GET"]}}],"collection":[{"href":"https:\/\/www.martin.at\/fr\/wp-json\/wp\/v2\/product"}],"about":[{"href":"https:\/\/www.martin.at\/fr\/wp-json\/wp\/v2\/types\/product"}],"wp:featuredmedia":[{"embeddable":true,"href":"https:\/\/www.martin.at\/fr\/wp-json\/wp\/v2\/media\/7763"}],"wp:attachment":[{"href":"https:\/\/www.martin.at\/fr\/wp-json\/wp\/v2\/media?parent=6612"}],"wp:term":[{"taxonomy":"product_brand","embeddable":true,"href":"https:\/\/www.martin.at\/fr\/wp-json\/wp\/v2\/product_brand?post=6612"},{"taxonomy":"product_cat","embeddable":true,"href":"https:\/\/www.martin.at\/fr\/wp-json\/wp\/v2\/product_cat?post=6612"},{"taxonomy":"product_tag","embeddable":true,"href":"https:\/\/www.martin.at\/fr\/wp-json\/wp\/v2\/product_tag?post=6612"}],"curies":[{"name":"wp","href":"https:\/\/api.w.org\/{rel}","templated":true}]}}