{"id":6603,"date":"2025-04-30T15:35:08","date_gmt":"2025-04-30T13:35:08","guid":{"rendered":"https:\/\/www.martin.at\/tlc-2\/"},"modified":"2026-04-01T08:26:54","modified_gmt":"2026-04-01T06:26:54","slug":"tlc-2","status":"publish","type":"product","link":"https:\/\/www.martin.at\/fr\/martin-produkte\/tlc-2\/","title":{"rendered":"Godet sp\u00e9cial r\u00e9seaux"},"content":{"rendered":"","protected":false},"excerpt":{"rendered":"<p>Gr\u00e2ce \u00e0 sa double r\u00e9ception, le TLC n&#8217;a pas de limites. Il peut traiter avec pr\u00e9cision les contre-d\u00e9pouilles et tranch\u00e9es difficiles, par exemple pour les c\u00e2bles. C&#8217;est un outil polyvalent et pratique, surtout dans la r\u00e9alisation d&#8217;infrastructures.<\/p>\n","protected":false},"featured_media":7748,"template":"","meta":{"_acf_changed":false},"product_brand":[],"product_cat":[665],"product_tag":[],"class_list":{"0":"post-6603","1":"product","2":"type-product","3":"status-publish","4":"has-post-thumbnail","6":"product_cat-godet-speciaux-pelleteuse","8":"first","9":"instock","10":"sold-individually","11":"taxable","12":"shipping-taxable","13":"purchasable","14":"product-type-variable","15":"has-default-attributes"},"acf":[],"_links":{"self":[{"href":"https:\/\/www.martin.at\/fr\/wp-json\/wp\/v2\/product\/6603","targetHints":{"allow":["GET"]}}],"collection":[{"href":"https:\/\/www.martin.at\/fr\/wp-json\/wp\/v2\/product"}],"about":[{"href":"https:\/\/www.martin.at\/fr\/wp-json\/wp\/v2\/types\/product"}],"wp:featuredmedia":[{"embeddable":true,"href":"https:\/\/www.martin.at\/fr\/wp-json\/wp\/v2\/media\/7748"}],"wp:attachment":[{"href":"https:\/\/www.martin.at\/fr\/wp-json\/wp\/v2\/media?parent=6603"}],"wp:term":[{"taxonomy":"product_brand","embeddable":true,"href":"https:\/\/www.martin.at\/fr\/wp-json\/wp\/v2\/product_brand?post=6603"},{"taxonomy":"product_cat","embeddable":true,"href":"https:\/\/www.martin.at\/fr\/wp-json\/wp\/v2\/product_cat?post=6603"},{"taxonomy":"product_tag","embeddable":true,"href":"https:\/\/www.martin.at\/fr\/wp-json\/wp\/v2\/product_tag?post=6603"}],"curies":[{"name":"wp","href":"https:\/\/api.w.org\/{rel}","templated":true}]}}