{"id":6588,"date":"2025-04-30T15:34:49","date_gmt":"2025-04-30T13:34:49","guid":{"rendered":"https:\/\/www.martin.at\/sgl-tl-2\/"},"modified":"2026-04-01T08:26:37","modified_gmt":"2026-04-01T06:26:37","slug":"sgl-tl-2","status":"publish","type":"product","link":"https:\/\/www.martin.at\/fr\/martin-produkte\/sgl-tl-2\/","title":{"rendered":"Godet claire-voie (sur base godet de terrassement)"},"content":{"rendered":"","protected":false},"excerpt":{"rendered":"<p>Les cribles adapt\u00e9s permettent un tri de mat\u00e9riaux fins et grossiers sans n\u00e9cessiter un syst\u00e8me hydraulique.<\/p>\n","protected":false},"featured_media":9388,"template":"","meta":{"_acf_changed":false},"product_brand":[],"product_cat":[665],"product_tag":[],"class_list":{"0":"post-6588","1":"product","2":"type-product","3":"status-publish","4":"has-post-thumbnail","6":"product_cat-godet-speciaux-pelleteuse","8":"first","9":"instock","10":"sold-individually","11":"taxable","12":"shipping-taxable","13":"purchasable","14":"product-type-variable","15":"has-default-attributes"},"acf":[],"_links":{"self":[{"href":"https:\/\/www.martin.at\/fr\/wp-json\/wp\/v2\/product\/6588","targetHints":{"allow":["GET"]}}],"collection":[{"href":"https:\/\/www.martin.at\/fr\/wp-json\/wp\/v2\/product"}],"about":[{"href":"https:\/\/www.martin.at\/fr\/wp-json\/wp\/v2\/types\/product"}],"wp:featuredmedia":[{"embeddable":true,"href":"https:\/\/www.martin.at\/fr\/wp-json\/wp\/v2\/media\/9388"}],"wp:attachment":[{"href":"https:\/\/www.martin.at\/fr\/wp-json\/wp\/v2\/media?parent=6588"}],"wp:term":[{"taxonomy":"product_brand","embeddable":true,"href":"https:\/\/www.martin.at\/fr\/wp-json\/wp\/v2\/product_brand?post=6588"},{"taxonomy":"product_cat","embeddable":true,"href":"https:\/\/www.martin.at\/fr\/wp-json\/wp\/v2\/product_cat?post=6588"},{"taxonomy":"product_tag","embeddable":true,"href":"https:\/\/www.martin.at\/fr\/wp-json\/wp\/v2\/product_tag?post=6588"}],"curies":[{"name":"wp","href":"https:\/\/api.w.org\/{rel}","templated":true}]}}