{"id":6514,"date":"2025-04-30T15:34:06","date_gmt":"2025-04-30T13:34:06","guid":{"rendered":"https:\/\/www.martin.at\/grlt-2\/"},"modified":"2026-04-01T08:24:59","modified_gmt":"2026-04-01T06:24:59","slug":"grlt-2","status":"publish","type":"product","link":"https:\/\/www.martin.at\/fr\/martin-produkte\/grlt-2\/","title":{"rendered":"Godet de curage \u00e0 profil \u201cscandinave&#8221;"},"content":{"rendered":"","protected":false},"excerpt":{"rendered":"<p>Le GRLT pr\u00e9sente une g\u00e9om\u00e9trie permettant une exploitation optimale avec le mouvement de rotation des tiltrotateurs. C&#8217;est un outil parfait pour pr\u00e9parer le terrain ou effectuer des remblaiements dans les zones urbaines.<\/p>\n","protected":false},"featured_media":7576,"template":"","meta":{"_acf_changed":false},"product_brand":[],"product_cat":[667],"product_tag":[],"class_list":{"0":"post-6514","1":"product","2":"type-product","3":"status-publish","4":"has-post-thumbnail","6":"product_cat-godets-de-pelle","8":"first","9":"instock","10":"sold-individually","11":"taxable","12":"shipping-taxable","13":"purchasable","14":"product-type-variable","15":"has-default-attributes"},"acf":[],"_links":{"self":[{"href":"https:\/\/www.martin.at\/fr\/wp-json\/wp\/v2\/product\/6514","targetHints":{"allow":["GET"]}}],"collection":[{"href":"https:\/\/www.martin.at\/fr\/wp-json\/wp\/v2\/product"}],"about":[{"href":"https:\/\/www.martin.at\/fr\/wp-json\/wp\/v2\/types\/product"}],"wp:featuredmedia":[{"embeddable":true,"href":"https:\/\/www.martin.at\/fr\/wp-json\/wp\/v2\/media\/7576"}],"wp:attachment":[{"href":"https:\/\/www.martin.at\/fr\/wp-json\/wp\/v2\/media?parent=6514"}],"wp:term":[{"taxonomy":"product_brand","embeddable":true,"href":"https:\/\/www.martin.at\/fr\/wp-json\/wp\/v2\/product_brand?post=6514"},{"taxonomy":"product_cat","embeddable":true,"href":"https:\/\/www.martin.at\/fr\/wp-json\/wp\/v2\/product_cat?post=6514"},{"taxonomy":"product_tag","embeddable":true,"href":"https:\/\/www.martin.at\/fr\/wp-json\/wp\/v2\/product_tag?post=6514"}],"curies":[{"name":"wp","href":"https:\/\/api.w.org\/{rel}","templated":true}]}}