{"id":6384,"date":"2025-04-30T15:32:58","date_gmt":"2025-04-30T13:32:58","guid":{"rendered":"https:\/\/www.martin.at\/grls-2\/"},"modified":"2026-04-01T08:20:14","modified_gmt":"2026-04-01T06:20:14","slug":"grls-2","status":"publish","type":"product","link":"https:\/\/www.martin.at\/fr\/martin-produkte\/grls-2\/","title":{"rendered":"Godet de curage inclinable"},"content":{"rendered":"","protected":false},"excerpt":{"rendered":"<p>L&#8217;inclinaison hydraulique de 2&#215;45\u00b0 compl\u00e8te les fonctions du GRLS. Cela \u00e9largit son domaine d&#8217;utilisation dans le nivellement et la pr\u00e9paration du terrain.<\/p>\n","protected":false},"featured_media":7316,"template":"","meta":{"_acf_changed":false},"product_brand":[],"product_cat":[667],"product_tag":[],"class_list":{"0":"post-6384","1":"product","2":"type-product","3":"status-publish","4":"has-post-thumbnail","6":"product_cat-godets-de-pelle","8":"first","9":"instock","10":"sold-individually","11":"taxable","12":"shipping-taxable","13":"purchasable","14":"product-type-variable","15":"has-default-attributes"},"acf":[],"_links":{"self":[{"href":"https:\/\/www.martin.at\/fr\/wp-json\/wp\/v2\/product\/6384","targetHints":{"allow":["GET"]}}],"collection":[{"href":"https:\/\/www.martin.at\/fr\/wp-json\/wp\/v2\/product"}],"about":[{"href":"https:\/\/www.martin.at\/fr\/wp-json\/wp\/v2\/types\/product"}],"wp:featuredmedia":[{"embeddable":true,"href":"https:\/\/www.martin.at\/fr\/wp-json\/wp\/v2\/media\/7316"}],"wp:attachment":[{"href":"https:\/\/www.martin.at\/fr\/wp-json\/wp\/v2\/media?parent=6384"}],"wp:term":[{"taxonomy":"product_brand","embeddable":true,"href":"https:\/\/www.martin.at\/fr\/wp-json\/wp\/v2\/product_brand?post=6384"},{"taxonomy":"product_cat","embeddable":true,"href":"https:\/\/www.martin.at\/fr\/wp-json\/wp\/v2\/product_cat?post=6384"},{"taxonomy":"product_tag","embeddable":true,"href":"https:\/\/www.martin.at\/fr\/wp-json\/wp\/v2\/product_tag?post=6384"}],"curies":[{"name":"wp","href":"https:\/\/api.w.org\/{rel}","templated":true}]}}