{"id":6167,"date":"2025-04-30T15:19:26","date_gmt":"2025-04-30T13:19:26","guid":{"rendered":"https:\/\/www.martin.at\/rallonge-de-manche\/"},"modified":"2026-04-01T08:14:09","modified_gmt":"2026-04-01T06:14:09","slug":"rallonge-de-manche","status":"publish","type":"product","link":"https:\/\/www.martin.at\/fr\/martin-produkte\/rallonge-de-manche\/","title":{"rendered":"Fl\u00e9chette de manutention t\u00e9lescopique"},"content":{"rendered":"","protected":false},"excerpt":{"rendered":"<p>La rallonge de balancier MARTIN \u00e9tend la port\u00e9e de la pelle et permet d&#8217;ex\u00e9cuter des travaux de grutage jusqu&#8217;\u00e0 600 kg. R\u00e9glage \u00e0 deux niveaux \u2013 hydraulique (niveau 1), m\u00e9canique (niveau 2) \u2013 id\u00e9al pour les zones difficiles d&#8217;acc\u00e8s.<\/p>\n","protected":false},"featured_media":7301,"template":"","meta":{"_acf_changed":false},"product_brand":[],"product_cat":[679],"product_tag":[],"class_list":{"0":"post-6167","1":"product","2":"type-product","3":"status-publish","4":"has-post-thumbnail","6":"product_cat-accessoires-hydrauliques","8":"first","9":"instock","10":"sold-individually","11":"taxable","12":"shipping-taxable","13":"purchasable","14":"product-type-variable","15":"has-default-attributes"},"acf":[],"_links":{"self":[{"href":"https:\/\/www.martin.at\/fr\/wp-json\/wp\/v2\/product\/6167","targetHints":{"allow":["GET"]}}],"collection":[{"href":"https:\/\/www.martin.at\/fr\/wp-json\/wp\/v2\/product"}],"about":[{"href":"https:\/\/www.martin.at\/fr\/wp-json\/wp\/v2\/types\/product"}],"wp:featuredmedia":[{"embeddable":true,"href":"https:\/\/www.martin.at\/fr\/wp-json\/wp\/v2\/media\/7301"}],"wp:attachment":[{"href":"https:\/\/www.martin.at\/fr\/wp-json\/wp\/v2\/media?parent=6167"}],"wp:term":[{"taxonomy":"product_brand","embeddable":true,"href":"https:\/\/www.martin.at\/fr\/wp-json\/wp\/v2\/product_brand?post=6167"},{"taxonomy":"product_cat","embeddable":true,"href":"https:\/\/www.martin.at\/fr\/wp-json\/wp\/v2\/product_cat?post=6167"},{"taxonomy":"product_tag","embeddable":true,"href":"https:\/\/www.martin.at\/fr\/wp-json\/wp\/v2\/product_tag?post=6167"}],"curies":[{"name":"wp","href":"https:\/\/api.w.org\/{rel}","templated":true}]}}