{"id":6088,"date":"2025-04-30T15:08:57","date_gmt":"2025-04-30T13:08:57","guid":{"rendered":"https:\/\/www.martin.at\/mpb-2\/"},"modified":"2026-04-01T08:13:06","modified_gmt":"2026-04-01T06:13:06","slug":"mpb-2","status":"publish","type":"product","link":"https:\/\/www.martin.at\/fr\/martin-produkte\/mpb-2\/","title":{"rendered":"Lame niveleuse"},"content":{"rendered":"","protected":false},"excerpt":{"rendered":"<p>La lame niveleuse offre une convivialit\u00e9 maximale dans le raclage et le nivellement. Gr\u00e2ce \u00e0 sa largeur et \u00e0 sa g\u00e9om\u00e9trie, elle permet une ex\u00e9cution plus rapide de ces travaux.<\/p>\n","protected":false},"featured_media":9382,"template":"","meta":{"_acf_changed":false},"product_brand":[],"product_cat":[678],"product_tag":[],"class_list":{"0":"post-6088","1":"product","2":"type-product","3":"status-publish","4":"has-post-thumbnail","6":"product_cat-accessoires-mecaniques","8":"first","9":"instock","10":"sold-individually","11":"taxable","12":"shipping-taxable","13":"purchasable","14":"product-type-variable","15":"has-default-attributes"},"acf":[],"_links":{"self":[{"href":"https:\/\/www.martin.at\/fr\/wp-json\/wp\/v2\/product\/6088","targetHints":{"allow":["GET"]}}],"collection":[{"href":"https:\/\/www.martin.at\/fr\/wp-json\/wp\/v2\/product"}],"about":[{"href":"https:\/\/www.martin.at\/fr\/wp-json\/wp\/v2\/types\/product"}],"wp:featuredmedia":[{"embeddable":true,"href":"https:\/\/www.martin.at\/fr\/wp-json\/wp\/v2\/media\/9382"}],"wp:attachment":[{"href":"https:\/\/www.martin.at\/fr\/wp-json\/wp\/v2\/media?parent=6088"}],"wp:term":[{"taxonomy":"product_brand","embeddable":true,"href":"https:\/\/www.martin.at\/fr\/wp-json\/wp\/v2\/product_brand?post=6088"},{"taxonomy":"product_cat","embeddable":true,"href":"https:\/\/www.martin.at\/fr\/wp-json\/wp\/v2\/product_cat?post=6088"},{"taxonomy":"product_tag","embeddable":true,"href":"https:\/\/www.martin.at\/fr\/wp-json\/wp\/v2\/product_tag?post=6088"}],"curies":[{"name":"wp","href":"https:\/\/api.w.org\/{rel}","templated":true}]}}