{"id":6055,"date":"2025-04-30T15:07:17","date_gmt":"2025-04-30T13:07:17","guid":{"rendered":"https:\/\/www.martin.at\/fourche-a-palettes-hydraulique\/"},"modified":"2026-04-01T08:12:51","modified_gmt":"2026-04-01T06:12:51","slug":"fourche-a-palettes-hydraulique","status":"publish","type":"product","link":"https:\/\/www.martin.at\/fr\/martin-produkte\/fourche-a-palettes-hydraulique\/","title":{"rendered":"Tablier \u00e0 fourches r\u00e9glable M-Quick"},"content":{"rendered":"","protected":false},"excerpt":{"rendered":"<p>La fourche \u00e0 palettes r\u00e9glable MARTIN d\u00e9place les palettes en toute s\u00e9curit\u00e9 avec la pelle. Les lames de fourche robustes offrent une grande capacit\u00e9 de charge. C&#8217;est un accessoire id\u00e9al pour les pelles sur pneus, en particulier avec le tiltrotateur, pour une flexibilit\u00e9 maximale lors du transport.<\/p>\n","protected":false},"featured_media":7289,"template":"","meta":{"_acf_changed":false},"product_brand":[],"product_cat":[679],"product_tag":[],"class_list":{"0":"post-6055","1":"product","2":"type-product","3":"status-publish","4":"has-post-thumbnail","6":"product_cat-accessoires-hydrauliques","8":"first","9":"instock","10":"sold-individually","11":"taxable","12":"shipping-taxable","13":"purchasable","14":"product-type-variable","15":"has-default-attributes"},"acf":[],"_links":{"self":[{"href":"https:\/\/www.martin.at\/fr\/wp-json\/wp\/v2\/product\/6055","targetHints":{"allow":["GET"]}}],"collection":[{"href":"https:\/\/www.martin.at\/fr\/wp-json\/wp\/v2\/product"}],"about":[{"href":"https:\/\/www.martin.at\/fr\/wp-json\/wp\/v2\/types\/product"}],"wp:featuredmedia":[{"embeddable":true,"href":"https:\/\/www.martin.at\/fr\/wp-json\/wp\/v2\/media\/7289"}],"wp:attachment":[{"href":"https:\/\/www.martin.at\/fr\/wp-json\/wp\/v2\/media?parent=6055"}],"wp:term":[{"taxonomy":"product_brand","embeddable":true,"href":"https:\/\/www.martin.at\/fr\/wp-json\/wp\/v2\/product_brand?post=6055"},{"taxonomy":"product_cat","embeddable":true,"href":"https:\/\/www.martin.at\/fr\/wp-json\/wp\/v2\/product_cat?post=6055"},{"taxonomy":"product_tag","embeddable":true,"href":"https:\/\/www.martin.at\/fr\/wp-json\/wp\/v2\/product_tag?post=6055"}],"curies":[{"name":"wp","href":"https:\/\/api.w.org\/{rel}","templated":true}]}}