{"id":6033,"date":"2025-04-30T15:03:41","date_gmt":"2025-04-30T13:03:41","guid":{"rendered":"https:\/\/www.martin.at\/fourche-a-palettes\/"},"modified":"2026-04-01T08:12:38","modified_gmt":"2026-04-01T06:12:38","slug":"fourche-a-palettes","status":"publish","type":"product","link":"https:\/\/www.martin.at\/fr\/martin-produkte\/fourche-a-palettes\/","title":{"rendered":"Tablier \u00e0 fourches"},"content":{"rendered":"","protected":false},"excerpt":{"rendered":"<p>La fourche \u00e0 palettes r\u00e9glable MARTIN d\u00e9place les palettes en toute s\u00e9curit\u00e9 avec la pelle. Les lames de fourche robustes offrent une grande capacit\u00e9 de charge. C&#8217;est un accessoire id\u00e9al pour les pelles sur pneus, en particulier avec le tiltrotateur, pour une flexibilit\u00e9 maximale lors du transport.<\/p>\n","protected":false},"featured_media":7286,"template":"","meta":{"_acf_changed":false},"product_brand":[],"product_cat":[678],"product_tag":[],"class_list":{"0":"post-6033","1":"product","2":"type-product","3":"status-publish","4":"has-post-thumbnail","6":"product_cat-accessoires-mecaniques","8":"first","9":"instock","10":"sold-individually","11":"taxable","12":"shipping-taxable","13":"purchasable","14":"product-type-variable","15":"has-default-attributes"},"acf":[],"_links":{"self":[{"href":"https:\/\/www.martin.at\/fr\/wp-json\/wp\/v2\/product\/6033","targetHints":{"allow":["GET"]}}],"collection":[{"href":"https:\/\/www.martin.at\/fr\/wp-json\/wp\/v2\/product"}],"about":[{"href":"https:\/\/www.martin.at\/fr\/wp-json\/wp\/v2\/types\/product"}],"wp:featuredmedia":[{"embeddable":true,"href":"https:\/\/www.martin.at\/fr\/wp-json\/wp\/v2\/media\/7286"}],"wp:attachment":[{"href":"https:\/\/www.martin.at\/fr\/wp-json\/wp\/v2\/media?parent=6033"}],"wp:term":[{"taxonomy":"product_brand","embeddable":true,"href":"https:\/\/www.martin.at\/fr\/wp-json\/wp\/v2\/product_brand?post=6033"},{"taxonomy":"product_cat","embeddable":true,"href":"https:\/\/www.martin.at\/fr\/wp-json\/wp\/v2\/product_cat?post=6033"},{"taxonomy":"product_tag","embeddable":true,"href":"https:\/\/www.martin.at\/fr\/wp-json\/wp\/v2\/product_tag?post=6033"}],"curies":[{"name":"wp","href":"https:\/\/api.w.org\/{rel}","templated":true}]}}