{"id":6016,"date":"2025-04-30T15:02:42","date_gmt":"2025-04-30T13:02:42","guid":{"rendered":"https:\/\/www.martin.at\/rateau-pelleteuse\/"},"modified":"2026-04-01T08:12:38","modified_gmt":"2026-04-01T06:12:38","slug":"rateau-pelleteuse","status":"publish","type":"product","link":"https:\/\/www.martin.at\/fr\/martin-produkte\/rateau-pelleteuse\/","title":{"rendered":"Outil de pr\u00e9paration des sols"},"content":{"rendered":"","protected":false},"excerpt":{"rendered":"<p>Le r\u00e2teau MARTIN permet d&#8217;obtenir un traitement de surface pr\u00e9cis, d&#8217;enlever les pierres et les mati\u00e8res organiques et de r\u00e9aliser des lits de semence homog\u00e8nes. C&#8217;est un outil id\u00e9al pour les travaux d&#8217;am\u00e9nagement paysager et de nivellement.<\/p>\n","protected":false},"featured_media":9379,"template":"","meta":{"_acf_changed":false},"product_brand":[],"product_cat":[678],"product_tag":[],"class_list":{"0":"post-6016","1":"product","2":"type-product","3":"status-publish","4":"has-post-thumbnail","6":"product_cat-accessoires-mecaniques","8":"first","9":"instock","10":"sold-individually","11":"taxable","12":"shipping-taxable","13":"purchasable","14":"product-type-variable","15":"has-default-attributes"},"acf":[],"_links":{"self":[{"href":"https:\/\/www.martin.at\/fr\/wp-json\/wp\/v2\/product\/6016","targetHints":{"allow":["GET"]}}],"collection":[{"href":"https:\/\/www.martin.at\/fr\/wp-json\/wp\/v2\/product"}],"about":[{"href":"https:\/\/www.martin.at\/fr\/wp-json\/wp\/v2\/types\/product"}],"wp:featuredmedia":[{"embeddable":true,"href":"https:\/\/www.martin.at\/fr\/wp-json\/wp\/v2\/media\/9379"}],"wp:attachment":[{"href":"https:\/\/www.martin.at\/fr\/wp-json\/wp\/v2\/media?parent=6016"}],"wp:term":[{"taxonomy":"product_brand","embeddable":true,"href":"https:\/\/www.martin.at\/fr\/wp-json\/wp\/v2\/product_brand?post=6016"},{"taxonomy":"product_cat","embeddable":true,"href":"https:\/\/www.martin.at\/fr\/wp-json\/wp\/v2\/product_cat?post=6016"},{"taxonomy":"product_tag","embeddable":true,"href":"https:\/\/www.martin.at\/fr\/wp-json\/wp\/v2\/product_tag?post=6016"}],"curies":[{"name":"wp","href":"https:\/\/api.w.org\/{rel}","templated":true}]}}