{"id":5923,"date":"2025-04-30T14:56:40","date_gmt":"2025-04-30T12:56:40","guid":{"rendered":"https:\/\/www.martin.at\/grl-2\/"},"modified":"2026-04-01T08:17:02","modified_gmt":"2026-04-01T06:17:02","slug":"grl-2","status":"publish","type":"product","link":"https:\/\/www.martin.at\/fr\/martin-produkte\/grl-2\/","title":{"rendered":"Godet de curage"},"content":{"rendered":"","protected":false},"excerpt":{"rendered":"<p>Le GRL est extr\u00eamement polyvalent. Avec son grand volume, il convient au d\u00e9placement de mat\u00e9riaux de toute cat\u00e9gorie de tonnage. Le tranchant large assure un aplanissement optimal des surfaces.<\/p>\n","protected":false},"featured_media":7304,"template":"","meta":{"_acf_changed":false},"product_brand":[],"product_cat":[667],"product_tag":[],"class_list":{"0":"post-5923","1":"product","2":"type-product","3":"status-publish","4":"has-post-thumbnail","6":"product_cat-godets-de-pelle","8":"first","9":"instock","10":"sold-individually","11":"taxable","12":"shipping-taxable","13":"purchasable","14":"product-type-variable","15":"has-default-attributes"},"acf":[],"_links":{"self":[{"href":"https:\/\/www.martin.at\/fr\/wp-json\/wp\/v2\/product\/5923","targetHints":{"allow":["GET"]}}],"collection":[{"href":"https:\/\/www.martin.at\/fr\/wp-json\/wp\/v2\/product"}],"about":[{"href":"https:\/\/www.martin.at\/fr\/wp-json\/wp\/v2\/types\/product"}],"wp:featuredmedia":[{"embeddable":true,"href":"https:\/\/www.martin.at\/fr\/wp-json\/wp\/v2\/media\/7304"}],"wp:attachment":[{"href":"https:\/\/www.martin.at\/fr\/wp-json\/wp\/v2\/media?parent=5923"}],"wp:term":[{"taxonomy":"product_brand","embeddable":true,"href":"https:\/\/www.martin.at\/fr\/wp-json\/wp\/v2\/product_brand?post=5923"},{"taxonomy":"product_cat","embeddable":true,"href":"https:\/\/www.martin.at\/fr\/wp-json\/wp\/v2\/product_cat?post=5923"},{"taxonomy":"product_tag","embeddable":true,"href":"https:\/\/www.martin.at\/fr\/wp-json\/wp\/v2\/product_tag?post=5923"}],"curies":[{"name":"wp","href":"https:\/\/api.w.org\/{rel}","templated":true}]}}